{"id":16336,"date":"2025-01-14T09:46:47","date_gmt":"2025-01-14T07:46:47","guid":{"rendered":"https:\/\/remtools.ro\/?post_type=product&#038;p=16336"},"modified":"2025-02-13T19:24:20","modified_gmt":"2025-02-13T17:24:20","slug":"vopsea-direct-pe-faianta-oskar-interior-pe-baza-de-apa-bej-inchis-amber-0-6-l","status":"publish","type":"product","link":"https:\/\/remtools.ro\/?product=vopsea-direct-pe-faianta-oskar-interior-pe-baza-de-apa-bej-inchis-amber-0-6-l","title":{"rendered":"Vopsea Direct pe faianta Oskar, interior, pe baza de apa, bej inchis \/ amber, 0.6 L"},"content":{"rendered":"<p class=\"product-subname\">Vopsea pe baza de ap\u0103 destinata decor\u0103rii pl\u0103cilor ceramice din buc\u0103t\u0103rii, b\u0103i sau zone de tranzit<\/p>\n<div class=\"benefits\">\n<ul>\n<li>U\u0219or de aplicat<\/li>\n<li>Diluabil cu ap\u0103<\/li>\n<li>Rezisten\u021b\u0103 la detergen\u021bii uzuali neutri<\/li>\n<li>Este un produs special, destinat decor\u0103rii pl\u0103cilor ceramice din buc\u0103t\u0103rii, b\u0103i sau zone de tranzit, ideal pentru a improspata economic si rapid aspectul demodat al faian\u021bei;<\/li>\n<li>Este rezistent la umezeala, aspect foarte important avand \u00een vedere faptul c\u0103 acesta se adreseaz\u0103 \u00een special b\u0103ilor \u0219i buc\u0103t\u0103riilor;<\/li>\n<li>Se aplic\u0103 u\u0219or, av\u00e2nd aderen\u021b\u0103 \u0219i acoperire excelente;<\/li>\n<li>Se usuc\u0103 rapid;<\/li>\n<li>Este rezistent la detergen\u021bi uzuali neutri;<\/li>\n<li>Gama de culori special aleas\u0103 din cele mai vandabile nuante utilizate pentru faianta.<\/li>\n<\/ul>\n<\/div>\n","protected":false},"excerpt":{"rendered":"<p><img loading=\"lazy\" decoding=\"async\" class=\"alignnone size-full wp-image-16491\" src=\"https:\/\/remtools.ro\/wp-content\/uploads\/2025\/02\/oskar-1-1.jpg\" alt=\"\" width=\"200\" height=\"55\" srcset=\"https:\/\/remtools.ro\/wp-content\/uploads\/2025\/02\/oskar-1-1.jpg 200w, https:\/\/remtools.ro\/wp-content\/uploads\/2025\/02\/oskar-1-1-150x41.jpg 150w\" sizes=\"auto, (max-width: 200px) 100vw, 200px\" \/><\/p>\n","protected":false},"featured_media":16395,"comment_status":"open","ping_status":"closed","template":"","meta":[],"product_cat":[73,77],"product_tag":[98,101],"class_list":{"0":"post-16336","1":"product","2":"type-product","3":"status-publish","4":"has-post-thumbnail","6":"product_cat-casa-si-gradina","7":"product_cat-vopsele-si-diluanti","8":"product_tag-oskar","9":"product_tag-vopsea-faianta","11":"first","12":"instock","13":"shipping-taxable","14":"purchasable","15":"product-type-simple"},"_links":{"self":[{"href":"https:\/\/remtools.ro\/index.php?rest_route=\/wp\/v2\/product\/16336","targetHints":{"allow":["GET"]}}],"collection":[{"href":"https:\/\/remtools.ro\/index.php?rest_route=\/wp\/v2\/product"}],"about":[{"href":"https:\/\/remtools.ro\/index.php?rest_route=\/wp\/v2\/types\/product"}],"replies":[{"embeddable":true,"href":"https:\/\/remtools.ro\/index.php?rest_route=%2Fwp%2Fv2%2Fcomments&post=16336"}],"version-history":[{"count":2,"href":"https:\/\/remtools.ro\/index.php?rest_route=\/wp\/v2\/product\/16336\/revisions"}],"predecessor-version":[{"id":16496,"href":"https:\/\/remtools.ro\/index.php?rest_route=\/wp\/v2\/product\/16336\/revisions\/16496"}],"wp:featuredmedia":[{"embeddable":true,"href":"https:\/\/remtools.ro\/index.php?rest_route=\/wp\/v2\/media\/16395"}],"wp:attachment":[{"href":"https:\/\/remtools.ro\/index.php?rest_route=%2Fwp%2Fv2%2Fmedia&parent=16336"}],"wp:term":[{"taxonomy":"product_cat","embeddable":true,"href":"https:\/\/remtools.ro\/index.php?rest_route=%2Fwp%2Fv2%2Fproduct_cat&post=16336"},{"taxonomy":"product_tag","embeddable":true,"href":"https:\/\/remtools.ro\/index.php?rest_route=%2Fwp%2Fv2%2Fproduct_tag&post=16336"}],"curies":[{"name":"wp","href":"https:\/\/api.w.org\/{rel}","templated":true}]}}