{"id":16482,"date":"2025-02-13T18:09:01","date_gmt":"2025-02-13T16:09:01","guid":{"rendered":"https:\/\/remtools.ro\/?post_type=product&#038;p=16482"},"modified":"2025-10-03T11:24:18","modified_gmt":"2025-10-03T09:24:18","slug":"vopsea-decorativa-tip-beton-industrial-oskar-beton-efect-10-lbaza-colorare-alba","status":"publish","type":"product","link":"https:\/\/remtools.ro\/?product=vopsea-decorativa-tip-beton-industrial-oskar-beton-efect-10-lbaza-colorare-alba","title":{"rendered":"Vopsea decorativa tip beton industrial, OSKAR Beton Efect, 10 l,baza colorare alba"},"content":{"rendered":"<p>*Pretul afisat este pentru nuanta standard (alb) pregatita pentru colorare! Preturile pentru fiecare dintre cele 6 nuante vor fi comunicate ulterior cererii! Efect decorativ tip beton industrial \u2013 disponibil pentru colorare computerizata in 6 nuante de gri (Designers Grey, Elegant Grey, Prestige Silver, Real Grey, Scandinavian Grey, Urban Grey).<\/p>\n<p>Oskar Beton Efect este ideal pentru a fi utilizat in spa\u021biile de locuit cu design contemporan, precum apartamente tip loft, case moderne sau alte spa\u021bii urbane unde se pune accent pe design. De asemenea, produsul este recomandat \u0219i pentru decorarea diverselor spa\u021bii comerciale precum showroom-uri, restaurante sau hoteluri avangardiste.<\/p>\n<p>Se recomanda in realizarea de amenaj\u0103ri decorative pentru suprafe\u0163ele interioare gletuite sau tencuite, placi de gips carton, suprafete deja acoperite cu vopsea lavabil\u0103. Este ideal pentru acele zone unde se doreste obtinerea unui efect decorativ modern, tip beton industrial.<\/p>\n<p>Unelte pentru aplicare: mistrie, spatul\u0103, cancioc.<\/p>\n","protected":false},"excerpt":{"rendered":"<p><img loading=\"lazy\" decoding=\"async\" class=\"alignnone size-full wp-image-16491\" src=\"https:\/\/remtools.ro\/wp-content\/uploads\/2025\/02\/oskar-1-1.jpg\" alt=\"\" width=\"200\" height=\"55\" srcset=\"https:\/\/remtools.ro\/wp-content\/uploads\/2025\/02\/oskar-1-1.jpg 200w, https:\/\/remtools.ro\/wp-content\/uploads\/2025\/02\/oskar-1-1-150x41.jpg 150w\" sizes=\"auto, (max-width: 200px) 100vw, 200px\" \/><\/p>\n","protected":false},"featured_media":16483,"comment_status":"open","ping_status":"closed","template":"","meta":[],"product_cat":[73,77],"product_tag":[98,99],"class_list":{"0":"post-16482","1":"product","2":"type-product","3":"status-publish","4":"has-post-thumbnail","6":"product_cat-casa-si-gradina","7":"product_cat-vopsele-si-diluanti","8":"product_tag-oskar","9":"product_tag-vopsea-lavabila","11":"first","12":"instock","13":"featured","14":"shipping-taxable","15":"purchasable","16":"product-type-simple"},"_links":{"self":[{"href":"https:\/\/remtools.ro\/index.php?rest_route=\/wp\/v2\/product\/16482","targetHints":{"allow":["GET"]}}],"collection":[{"href":"https:\/\/remtools.ro\/index.php?rest_route=\/wp\/v2\/product"}],"about":[{"href":"https:\/\/remtools.ro\/index.php?rest_route=\/wp\/v2\/types\/product"}],"replies":[{"embeddable":true,"href":"https:\/\/remtools.ro\/index.php?rest_route=%2Fwp%2Fv2%2Fcomments&post=16482"}],"version-history":[{"count":2,"href":"https:\/\/remtools.ro\/index.php?rest_route=\/wp\/v2\/product\/16482\/revisions"}],"predecessor-version":[{"id":16493,"href":"https:\/\/remtools.ro\/index.php?rest_route=\/wp\/v2\/product\/16482\/revisions\/16493"}],"wp:featuredmedia":[{"embeddable":true,"href":"https:\/\/remtools.ro\/index.php?rest_route=\/wp\/v2\/media\/16483"}],"wp:attachment":[{"href":"https:\/\/remtools.ro\/index.php?rest_route=%2Fwp%2Fv2%2Fmedia&parent=16482"}],"wp:term":[{"taxonomy":"product_cat","embeddable":true,"href":"https:\/\/remtools.ro\/index.php?rest_route=%2Fwp%2Fv2%2Fproduct_cat&post=16482"},{"taxonomy":"product_tag","embeddable":true,"href":"https:\/\/remtools.ro\/index.php?rest_route=%2Fwp%2Fv2%2Fproduct_tag&post=16482"}],"curies":[{"name":"wp","href":"https:\/\/api.w.org\/{rel}","templated":true}]}}